{"id":16928,"date":"2023-02-07T17:29:31","date_gmt":"2023-02-07T10:29:31","guid":{"rendered":"http:\/\/tinhvan.vn\/?page_id=16928"},"modified":"2023-02-08T14:31:07","modified_gmt":"2023-02-08T07:31:07","slug":"dang-anh-trung","status":"publish","type":"page","link":"https:\/\/tinhvan.com\/en\/about-us\/leadership\/dang-anh-trung\/","title":{"rendered":"Dang Anh Trung"},"content":{"rendered":"<p><strong>Member of BOD &#8211; Tinhvan Group<\/strong><\/p>\n<table>\n<tbody>\n<tr>\n<td><img decoding=\"async\" loading=\"lazy\" class=\"alignnone wp-image-16929\" src=\"\/wp-content\/uploads\/2023\/02\/trungda-600x600.png\" alt=\"\" width=\"235\" height=\"235\" srcset=\"\/wp-content\/uploads\/2023\/02\/trungda-600x600.png 600w, \/wp-content\/uploads\/2023\/02\/trungda-100x100.png 100w, \/wp-content\/uploads\/2023\/02\/trungda-768x768.png 768w, \/wp-content\/uploads\/2023\/02\/trungda-1024x1024.png 1024w, \/wp-content\/uploads\/2023\/02\/trungda.png 1080w\" sizes=\"(max-width: 235px) 100vw, 235px\" \/><\/td>\n<td>\n<ul>\n<li id=\"input_line_0\"><span id=\"input_part_0\" class=\"\" data-mention=\"Th\u00e1ng 9\/2022 \u2013 Hi\u1ec7n t\u1ea1i: Th\u00e0nh vi\u00ean H\u0110QT Tinhvan Group.\">9\/2022 &#8211; Present: Member of BOD &#8211; Tinhvan Group\u00a0(on behalf of TIS Inc.).<\/span><\/li>\n<li id=\"input_line_1\"><span id=\"input_part_0\" class=\"\" data-mention=\"2010 - Hi\u1ec7n t\u1ea1i:Tr\u01b0\u1edfng \u0111\u1ea1i di\u1ec7n c\u1ee7a TIS t\u1ea1i Th\u00e0nh ph\u1ed1 H\u1ed3 Ch\u00ed Minh (Vi\u1ec7t Nam).\">2010 &#8211; Present: Chief Representative of TIS in Ho Chi Minh, Vietnam.<\/span><\/li>\n<li id=\"input_line_2\"><span id=\"input_part_0\" class=\"\" data-mention=\"2003 - nay: Tham gia v\u00e0o TIS \u0111\u1ec3 x\u00fac ti\u1ebfn h\u1ee3p t\u00e1c trong l\u0129nh v\u1ef1c CNTT gi\u1eefa Vi\u1ec7t Nam v\u00e0 Nh\u1eadt B\u1ea3n\">2003 &#8211; Present: Join TIS\u00a0to promote cooperation in the field of IT between Vietnam and Japan.<\/span><\/li>\n<li id=\"input_line_3\"><span id=\"input_part_0\" class=\"\" data-mention=\"1998 - 2003: Tham gia ph\u00e1t tri\u1ec3n c\u00f4ng ngh\u1ec7 x\u1eed l\u00fd ng\u00f4n ng\u1eef t\u1ef1 nhi\u00ean t\u1ea1i m\u1ed9t c\u00f4ng ty IT h\u00e0ng \u0111\u1ea7u Nh\u1eadt B\u1ea3n v\u1ec1 c\u00f4ng ngh\u1ec7 x\u1eed l\u00fd ti\u1ebfng Nh\u1eadt.\">1998 &#8211; 2003: Join one of leading Japanese IT company in Japanese language processing technology.<\/span><\/li>\n<li id=\"input_line_4\"><span id=\"input_part_0\" class=\"\" data-mention=\"T\u1ed1t nghi\u1ec7p Th\u1ea1c s\u0129 t\u1ea1i Toyohashi University of Technology, Nh\u1eadt B\u1ea3n.\">1998:\u00a0Graduated with a master&#8217;s degree at Toyohashi University of Technology, Japan.<\/span><\/li>\n<\/ul>\n<\/td>\n<\/tr>\n<\/tbody>\n<\/table>\n","protected":false},"excerpt":{"rendered":"<p>Member of BOD &#8211; Tinhvan Group 9\/2022 &#8211; Present: Member of BOD &#8211; Tinhvan Group\u00a0(on behalf of TIS Inc.). 2010 &#8211; Present: Chief Representative of TIS in Ho Chi Minh, Vietnam. 2003 &#8211; Present: Join TIS\u00a0to promote cooperation in the field of IT between Vietnam and Japan. 1998 &#8211; 2003: Join one of leading Japanese [&hellip;]<\/p>\n","protected":false},"author":41,"featured_media":0,"parent":2481,"menu_order":21,"comment_status":"closed","ping_status":"closed","template":"about_us.php","meta":{"footnotes":""},"_links":{"self":[{"href":"https:\/\/tinhvan.com\/en\/wp-json\/wp\/v2\/pages\/16928"}],"collection":[{"href":"https:\/\/tinhvan.com\/en\/wp-json\/wp\/v2\/pages"}],"about":[{"href":"https:\/\/tinhvan.com\/en\/wp-json\/wp\/v2\/types\/page"}],"author":[{"embeddable":true,"href":"https:\/\/tinhvan.com\/en\/wp-json\/wp\/v2\/users\/41"}],"replies":[{"embeddable":true,"href":"https:\/\/tinhvan.com\/en\/wp-json\/wp\/v2\/comments?post=16928"}],"version-history":[{"count":3,"href":"https:\/\/tinhvan.com\/en\/wp-json\/wp\/v2\/pages\/16928\/revisions"}],"predecessor-version":[{"id":16947,"href":"https:\/\/tinhvan.com\/en\/wp-json\/wp\/v2\/pages\/16928\/revisions\/16947"}],"up":[{"embeddable":true,"href":"https:\/\/tinhvan.com\/en\/wp-json\/wp\/v2\/pages\/2481"}],"wp:attachment":[{"href":"https:\/\/tinhvan.com\/en\/wp-json\/wp\/v2\/media?parent=16928"}],"curies":[{"name":"wp","href":"https:\/\/api.w.org\/{rel}","templated":true}]}}